{"id":9207,"date":"2026-05-12T16:17:06","date_gmt":"2026-05-12T14:17:06","guid":{"rendered":"https:\/\/www.lelogisfloreal.be\/vredesplein\/"},"modified":"2026-05-13T11:11:29","modified_gmt":"2026-05-13T09:11:29","slug":"vredesplein","status":"publish","type":"page","link":"https:\/\/www.lelogisfloreal.be\/nl\/vredesplein\/","title":{"rendered":"Vredesplein"},"content":{"rendered":"<p>Alles begint in 2022 met de wens van een bewoner: Sam Biesemans. Ter gelegenheid van het honderdjarig bestaan van Le Logis-Flor\u00e9al wil hij hulde brengen aan <strong>Jean Van Lierde<\/strong>. Deze emblematische figuur uit Bosvoorde, pacifistisch en antimilitaristisch activist, speelde een bepalende rol in de erkenning van het statuut van gewetensbezwaarde in Belgi\u00eb. Bovendien woonde hij in Le Logis-Flor\u00e9al, in de Loriotstraat.<\/p>\n<p>Als reactie op dit initiatief beslist Le Logis-Flor\u00e9al om het <a href=\"http:\/\/lavenerie.be\/ateliers-venerie\/#tous-les-ateliers\" target=\"_blank\" rel=\"noopener\">Centre d\u2019Expression &amp; de Cr\u00e9ativit\u00e9, Ateliers V\u00e9nerie <\/a>in te schakelen om samen met de bewoners een kunstwerk te ontwerpen dat in de openbare ruimte wordt tentoongesteld rond het thema vrede.<\/p>\n<p><strong>Wat komt er in ons op wanneer we het over vrede hebben?<\/strong><br \/>\nDeze uitgangsvraag leidde tot de eerste stappen (het maken van affiches, mindmaps, slogans, tekeningen, sjabloonproeven, het cre\u00ebren van symbolen \u2026) en mondde uiteindelijk uit in de realisatie van originele artistieke tegels die vrede symboliseren. Een spoor van de inzet van mensen van alle leeftijden, van kinderen uit de tweede kleuterklas tot volwassenen van bijna tachtig jaar, die deelnamen aan dit traject rond de vraag naar vrede.<\/p>\n<p><strong>De tegels en de creatie van het Vredesplein<\/strong><\/p>\n<p>Het eindresultaat leidde tot de aanleg van twee trottoirs met verspreide artistieke tegels, tussen de hoek van de Hulottestraat en de Ramierstraat, in februari 2026.<\/p>\n<p>Ontdek <a href=\"https:\/\/www.lelogisfloreal.be\/wp-content\/uploads\/2026\/03\/Listing-Dalles-Paix-ok-1-compresse.pdf\" target=\"_blank\" rel=\"noopener\">de tegels<\/a> en hun vredesboodschappen<\/p>\n<p><a href=\"https:\/\/www.lelogisfloreal.be\/wp-content\/uploads\/2026\/05\/dalles.jpg\"><img decoding=\"async\" class=\"wp-image-9189 alignleft\" src=\"https:\/\/www.lelogisfloreal.be\/wp-content\/uploads\/2026\/05\/dalles.jpg\" alt=\"\" width=\"162\" height=\"243\" srcset=\"https:\/\/www.lelogisfloreal.be\/wp-content\/uploads\/2026\/05\/dalles-200x300.jpg 200w, https:\/\/www.lelogisfloreal.be\/wp-content\/uploads\/2026\/05\/dalles-400x599.jpg 400w, https:\/\/www.lelogisfloreal.be\/wp-content\/uploads\/2026\/05\/dalles-600x899.jpg 600w, https:\/\/www.lelogisfloreal.be\/wp-content\/uploads\/2026\/05\/dalles-683x1024.jpg 683w, https:\/\/www.lelogisfloreal.be\/wp-content\/uploads\/2026\/05\/dalles.jpg 700w\" sizes=\"(max-width: 162px) 100vw, 162px\" \/><\/a><\/p>\n<p>&nbsp;<\/p>\n<p>&nbsp;<\/p>\n<p>&nbsp;<\/p>\n<p>&nbsp;<\/p>\n<p>&nbsp;<\/p>\n<p>&nbsp;<\/p>\n<p>&nbsp;<\/p>\n<p>Meer info over <a href=\"https:\/\/www.lamaisondelapaix.be\/nl\/jean-van-lierde\/\">Jean Van Lierde<\/a><\/p>\n<p><img decoding=\"async\" class=\"wp-image-9185 alignleft\" src=\"https:\/\/www.lelogisfloreal.be\/wp-content\/uploads\/2026\/05\/Jean-Van-Lierde-en-echtgenote-Claire-scaled.jpg\" alt=\"\" width=\"301\" height=\"205\" srcset=\"https:\/\/www.lelogisfloreal.be\/wp-content\/uploads\/2026\/05\/Jean-Van-Lierde-en-echtgenote-Claire-200x136.jpg 200w, https:\/\/www.lelogisfloreal.be\/wp-content\/uploads\/2026\/05\/Jean-Van-Lierde-en-echtgenote-Claire-300x204.jpg 300w, https:\/\/www.lelogisfloreal.be\/wp-content\/uploads\/2026\/05\/Jean-Van-Lierde-en-echtgenote-Claire-400x273.jpg 400w, https:\/\/www.lelogisfloreal.be\/wp-content\/uploads\/2026\/05\/Jean-Van-Lierde-en-echtgenote-Claire-600x409.jpg 600w, https:\/\/www.lelogisfloreal.be\/wp-content\/uploads\/2026\/05\/Jean-Van-Lierde-en-echtgenote-Claire-768x523.jpg 768w, https:\/\/www.lelogisfloreal.be\/wp-content\/uploads\/2026\/05\/Jean-Van-Lierde-en-echtgenote-Claire-800x545.jpg 800w, https:\/\/www.lelogisfloreal.be\/wp-content\/uploads\/2026\/05\/Jean-Van-Lierde-en-echtgenote-Claire-1024x698.jpg 1024w, https:\/\/www.lelogisfloreal.be\/wp-content\/uploads\/2026\/05\/Jean-Van-Lierde-en-echtgenote-Claire-1200x818.jpg 1200w, https:\/\/www.lelogisfloreal.be\/wp-content\/uploads\/2026\/05\/Jean-Van-Lierde-en-echtgenote-Claire-1320x900.jpg 1320w, https:\/\/www.lelogisfloreal.be\/wp-content\/uploads\/2026\/05\/Jean-Van-Lierde-en-echtgenote-Claire-1536x1047.jpg 1536w, https:\/\/www.lelogisfloreal.be\/wp-content\/uploads\/2026\/05\/Jean-Van-Lierde-en-echtgenote-Claire-scaled.jpg 2560w\" sizes=\"(max-width: 301px) 100vw, 301px\" \/><\/p>\n<p>&nbsp;<\/p>\n","protected":false},"excerpt":{"rendered":"<p>Alles begint in 2022 met de wens van een bewoner:  [&#8230;]<\/p>\n","protected":false},"author":5,"featured_media":0,"parent":0,"menu_order":0,"comment_status":"closed","ping_status":"closed","template":"","meta":{"_acf_changed":false,"footnotes":""},"class_list":["post-9207","page","type-page","status-publish","hentry"],"acf":[],"_links":{"self":[{"href":"https:\/\/www.lelogisfloreal.be\/nl\/wp-json\/wp\/v2\/pages\/9207","targetHints":{"allow":["GET"]}}],"collection":[{"href":"https:\/\/www.lelogisfloreal.be\/nl\/wp-json\/wp\/v2\/pages"}],"about":[{"href":"https:\/\/www.lelogisfloreal.be\/nl\/wp-json\/wp\/v2\/types\/page"}],"author":[{"embeddable":true,"href":"https:\/\/www.lelogisfloreal.be\/nl\/wp-json\/wp\/v2\/users\/5"}],"replies":[{"embeddable":true,"href":"https:\/\/www.lelogisfloreal.be\/nl\/wp-json\/wp\/v2\/comments?post=9207"}],"version-history":[{"count":3,"href":"https:\/\/www.lelogisfloreal.be\/nl\/wp-json\/wp\/v2\/pages\/9207\/revisions"}],"predecessor-version":[{"id":9212,"href":"https:\/\/www.lelogisfloreal.be\/nl\/wp-json\/wp\/v2\/pages\/9207\/revisions\/9212"}],"wp:attachment":[{"href":"https:\/\/www.lelogisfloreal.be\/nl\/wp-json\/wp\/v2\/media?parent=9207"}],"curies":[{"name":"wp","href":"https:\/\/api.w.org\/{rel}","templated":true}]}}