{"id":8861,"date":"2025-02-21T11:01:56","date_gmt":"2025-02-21T10:01:56","guid":{"rendered":"https:\/\/www.lelogisfloreal.be\/?page_id=8861"},"modified":"2026-01-15T15:06:29","modified_gmt":"2026-01-15T14:06:29","slug":"de-cooperatie-le-logis-floreal","status":"publish","type":"page","link":"https:\/\/www.lelogisfloreal.be\/nl\/de-cooperatie-le-logis-floreal\/","title":{"rendered":"De co\u00f6peratie Le Logis-Flor\u00e9al"},"content":{"rendered":"<h1>Logis-Flor\u00e9al is een huurdersco\u00f6peratie waarin elke huurder, van dichtbij of vanop afstand, kan deelnemen aan het beheer ervan.<\/h1>\n<p>Concreet wordt elke huurder die een woning krijgt bij Logis-Flor\u00e9al automatisch mede-co\u00f6perant van de maatschappij.<\/p>\n<p>De maatschappij werd meer dan 100 jaar geleden opgericht en haar kader is in de loop der tijd ge\u00ebvolueerd.<\/p>\n<p><strong>Hoe klinkt die \u2018co\u00f6peratieve geest\u2019 vandaag nog door?<\/strong><\/p>\n<p>Naast haar woonopdracht blijft Logis-Flor\u00e9al het welzijn van de bewoners bevorderen door een sterke co\u00f6peratieve dynamiek te ondersteunen, gebaseerd op:<\/p>\n<ul>\n<li>solidariteit,<\/li>\n<li>delen,<\/li>\n<li>democratie<\/li>\n<li>en participatie.<\/li>\n<\/ul>\n<p>Het tuinstedengebied strekt zich uit over 80 hectare en omvat tal van ruimtes, terreinen en voorzieningen die ter beschikking worden gesteld en waar burger- en verenigingsinitiatieven tot bloei komen.<\/p>\n<p>Logis-Flor\u00e9al ontwikkelt collectieve sociale acties voor de bewoners, zoals huurdersvergaderingen, wijkfeesten en projecten met bewoners, in samenwerking met wijkactoren. Daarnaast stelt de maatschappij ook haar gemeenschappelijke ruimtes ter beschikking van de bewoners.<\/p>\n<p>Hoe kan u zich engageren binnen de co\u00f6peratie?<\/p>\n","protected":false},"excerpt":{"rendered":"<p>Logis-Flor\u00e9al is een huurdersco\u00f6peratie waarin elke huurder, van dichtbij of  [&#8230;]<\/p>\n","protected":false},"author":12,"featured_media":0,"parent":0,"menu_order":0,"comment_status":"closed","ping_status":"closed","template":"","meta":{"_acf_changed":false,"footnotes":""},"class_list":["post-8861","page","type-page","status-publish","hentry"],"acf":[],"_links":{"self":[{"href":"https:\/\/www.lelogisfloreal.be\/nl\/wp-json\/wp\/v2\/pages\/8861","targetHints":{"allow":["GET"]}}],"collection":[{"href":"https:\/\/www.lelogisfloreal.be\/nl\/wp-json\/wp\/v2\/pages"}],"about":[{"href":"https:\/\/www.lelogisfloreal.be\/nl\/wp-json\/wp\/v2\/types\/page"}],"author":[{"embeddable":true,"href":"https:\/\/www.lelogisfloreal.be\/nl\/wp-json\/wp\/v2\/users\/12"}],"replies":[{"embeddable":true,"href":"https:\/\/www.lelogisfloreal.be\/nl\/wp-json\/wp\/v2\/comments?post=8861"}],"version-history":[{"count":1,"href":"https:\/\/www.lelogisfloreal.be\/nl\/wp-json\/wp\/v2\/pages\/8861\/revisions"}],"predecessor-version":[{"id":8862,"href":"https:\/\/www.lelogisfloreal.be\/nl\/wp-json\/wp\/v2\/pages\/8861\/revisions\/8862"}],"wp:attachment":[{"href":"https:\/\/www.lelogisfloreal.be\/nl\/wp-json\/wp\/v2\/media?parent=8861"}],"curies":[{"name":"wp","href":"https:\/\/api.w.org\/{rel}","templated":true}]}}