{"id":5611,"date":"2022-05-13T15:57:56","date_gmt":"2022-05-13T13:57:56","guid":{"rendered":"https:\/\/www.lelogisfloreal.be\/voorstelling\/"},"modified":"2026-04-21T11:10:05","modified_gmt":"2026-04-21T09:10:05","slug":"voorstelling","status":"publish","type":"page","link":"https:\/\/www.lelogisfloreal.be\/nl\/voorstelling\/","title":{"rendered":"Voorstelling"},"content":{"rendered":"<p><div class=\"fusion-fullwidth fullwidth-box fusion-builder-row-1 fusion-flex-container nonhundred-percent-fullwidth non-hundred-percent-height-scrolling\" style=\"--awb-border-radius-top-left:0px;--awb-border-radius-top-right:0px;--awb-border-radius-bottom-right:0px;--awb-border-radius-bottom-left:0px;--awb-flex-wrap:wrap;\" ><div class=\"fusion-builder-row fusion-row fusion-flex-align-items-flex-start fusion-flex-content-wrap\" style=\"max-width:1310.4px;margin-left: calc(-4% \/ 2 );margin-right: calc(-4% \/ 2 );\"><div class=\"fusion-layout-column fusion_builder_column fusion-builder-column-0 fusion_builder_column_2_3 2_3 fusion-flex-column\" style=\"--awb-bg-size:cover;--awb-width-large:66.666666666667%;--awb-margin-top-large:0px;--awb-spacing-right-large:2.88%;--awb-margin-bottom-large:20px;--awb-spacing-left-large:2.88%;--awb-width-medium:66.666666666667%;--awb-order-medium:0;--awb-spacing-right-medium:2.88%;--awb-spacing-left-medium:2.88%;--awb-width-small:100%;--awb-order-small:0;--awb-spacing-right-small:1.92%;--awb-spacing-left-small:1.92%;\"><div class=\"fusion-column-wrapper fusion-column-has-shadow fusion-flex-justify-content-flex-start fusion-content-layout-column\"><div class=\"fusion-title title fusion-title-1 fusion-sep-none fusion-title-text fusion-title-size-two\"><h2 class=\"fusion-title-heading title-heading-left fusion-responsive-typography-calculated\" style=\"margin:0;--fontSize:30;line-height:1.2;\">Onze opdrachten<\/h2><\/div><div class=\"fusion-text fusion-text-1\"><p>Le Logis-Flor\u00e9al is een <strong>Huurdersco\u00f6peratie<\/strong>, een <strong>Openbare Vastgoedmaatschappij<\/strong> (OVM), met als sociale opdracht het realiseren en beschikbaar stellen van sociale woningen.<\/p>\n<p>De Brusselse Huisvestingscode beschrijft de algemene opdrachten van de OVM&#8217;s.<\/p>\n<\/div><div class=\"fusion-text fusion-text-2\"><p><strong>Le Logis-Flor\u00e9al onderscheidt zich van andere SISP door zijn status als huurdersco\u00f6peratie, meer dan 100 jaar geleden ontworpen naar het model van de Tuinsteden. Bovendien beheert Le Logis-Flor\u00e9al 80 hectare aan groene ruimtes en is het merendeel van zijn erfgoed van groot belang en geklasseerd.<\/strong><\/p>\n<\/div><ul style=\"--awb-line-height:27.2px;--awb-icon-width:27.2px;--awb-icon-height:27.2px;--awb-icon-margin:11.2px;--awb-content-margin:38.4px;--awb-circlecolor:var(--awb-color4);--awb-circle-yes-font-size:14.08px;\" class=\"fusion-checklist fusion-checklist-1 fusion-checklist-default type-icons\"><li class=\"fusion-li-item\" style=\"\"><span class=\"icon-wrapper circle-yes\"><i class=\"fusion-li-icon awb-icon-check\" aria-hidden=\"true\"><\/i><\/span><div class=\"fusion-li-item-content\">\n<p>Le Logis-Flor\u00e9al is een speler in het Brussels Gewest die zich inzet voor het recht op toegankelijke huisvesting voor iedereen. Het werkt aan het versterken van het positieve imago van sociale huisvesting en haar bewoners;<\/p>\n<\/div><\/li><li class=\"fusion-li-item\" style=\"\"><span class=\"icon-wrapper circle-yes\"><i class=\"fusion-li-icon awb-icon-check\" aria-hidden=\"true\"><\/i><\/span><div class=\"fusion-li-item-content\">\n<p>Le Logis-Flor\u00e9al ontwikkelt, renoveert en onderhoudt zijn bebouwde en groene erfgoed om een kwalitatieve en comfortabele leefomgeving te cre\u00ebren.<\/p>\n<\/div><\/li><li class=\"fusion-li-item\" style=\"\"><span class=\"icon-wrapper circle-yes\"><i class=\"fusion-li-icon awb-icon-check\" aria-hidden=\"true\"><\/i><\/span><div class=\"fusion-li-item-content\">\n<p>Le Logis-Flor\u00e9al stelt de mens centraal in zijn project.<br \/>\nHet streeft ernaar om een welkom, begeleiding en dienstverlening van hoge kwaliteit te bieden, aangepast aan de behoeften van de gebruikers, met inachtneming van het principe van gelijke behandeling en non-discriminatie.<\/p>\n<\/div><\/li><li class=\"fusion-li-item\" style=\"\"><span class=\"icon-wrapper circle-yes\"><i class=\"fusion-li-icon awb-icon-check\" aria-hidden=\"true\"><\/i><\/span><div class=\"fusion-li-item-content\">\n<p>Le Logis-Flor\u00e9al bevordert het welzijn van de bewoners door de co\u00f6peratieve en buurtgerichte dynamiek te ondersteunen. Het ontwikkelt collectieve en gemeenschapsgerichte sociale acties voor de bewoners, in samenwerking met lokale actoren. Het stelt zijn collectieve ruimtes ter beschikking van de bewoners.<\/p>\n<\/div><\/li><li class=\"fusion-li-item\" style=\"\"><span class=\"icon-wrapper circle-yes\"><i class=\"fusion-li-icon awb-icon-check\" aria-hidden=\"true\"><\/i><\/span><div class=\"fusion-li-item-content\">\n<p>Le Logis-Flor\u00e9al ondersteunt zijn werknemers in hun missie door een zorgzame, betekenisvolle werkomgeving te cre\u00ebren waar samenwerking en wederzijdse hulp essenti\u00eble waarden zijn.<\/p>\n<\/div><\/li><li class=\"fusion-li-item\" style=\"\"><span class=\"icon-wrapper circle-yes\"><i class=\"fusion-li-icon awb-icon-check\" aria-hidden=\"true\"><\/i><\/span><div class=\"fusion-li-item-content\">\n<p>Le Logis-Flor\u00e9al vervult zijn verschillende missies volgens het principe van transparant beheer, terwijl het de financi\u00eble balans waarborgt.<\/p>\n<\/div><\/li><\/ul><div class=\"fusion-title title fusion-title-2 fusion-sep-none fusion-title-text fusion-title-size-two\"><h2 class=\"fusion-title-heading title-heading-left fusion-responsive-typography-calculated\" style=\"margin:0;--fontSize:30;line-height:1.2;\">Onze visie<\/h2><\/div><ul style=\"--awb-line-height:27.2px;--awb-icon-width:27.2px;--awb-icon-height:27.2px;--awb-icon-margin:11.2px;--awb-content-margin:38.4px;--awb-circlecolor:var(--awb-color4);--awb-circle-yes-font-size:14.08px;\" class=\"fusion-checklist fusion-checklist-2 fusion-checklist-default type-icons\"><li class=\"fusion-li-item\" style=\"\"><span class=\"icon-wrapper circle-yes\"><i class=\"fusion-li-icon awb-icon-check\" aria-hidden=\"true\"><\/i><\/span><div class=\"fusion-li-item-content\">\n<p>Le Logis-Flor\u00e9al streeft ernaar een eerstelijnssociale actor in het Brussels Hoofdstedelijk Gewest te zijn.<\/p>\n<\/div><\/li><li class=\"fusion-li-item\" style=\"\"><span class=\"icon-wrapper circle-yes\"><i class=\"fusion-li-icon awb-icon-check\" aria-hidden=\"true\"><\/i><\/span><div class=\"fusion-li-item-content\">\n<p>Le Logis-Flor\u00e9al wil inspelen op sociale, economische, milieukundige en klimatologische uitdagingen met als doelstelling voortdurende innovatie en voorbeeldigheid na te streven.<\/p>\n<\/div><\/li><li class=\"fusion-li-item\" style=\"\"><span class=\"icon-wrapper circle-yes\"><i class=\"fusion-li-icon awb-icon-check\" aria-hidden=\"true\"><\/i><\/span><div class=\"fusion-li-item-content\">\n<p>Le Logis-Flor\u00e9al ontwikkelt het regelgevingskader en stelt innovatieve, financieel duurzame oplossingen voor om zijn (geklasseerd) erfgoed te renoveren met een voorbeeldige en duurzame aanpak, en biedt woningen die voldoen aan de normen van comfort en bewoonbaarheid.<\/p>\n<\/div><\/li><li class=\"fusion-li-item\" style=\"\"><span class=\"icon-wrapper circle-yes\"><i class=\"fusion-li-icon awb-icon-check\" aria-hidden=\"true\"><\/i><\/span><div class=\"fusion-li-item-content\">\n<p>Le Logis-Flor\u00e9al ontwikkelt een synergie waarin verhuurder en huurder partners zijn en samen een leefomgeving cre\u00ebren die sociale emancipatie bevordert, waarin huurders actief deelnemen aan het samenleven op buurtvlak.<\/p>\n<\/div><\/li><\/ul><div class=\"fusion-title title fusion-title-3 fusion-sep-none fusion-title-text fusion-title-size-two\"><h2 class=\"fusion-title-heading title-heading-left fusion-responsive-typography-calculated\" style=\"margin:0;--fontSize:30;line-height:1.2;\">Onze waarden<\/h2><\/div><ul style=\"--awb-line-height:27.2px;--awb-icon-width:27.2px;--awb-icon-height:27.2px;--awb-icon-margin:11.2px;--awb-content-margin:38.4px;--awb-circlecolor:var(--awb-color4);--awb-circle-yes-font-size:14.08px;\" class=\"fusion-checklist fusion-checklist-3 fusion-checklist-default type-icons\"><li class=\"fusion-li-item\" style=\"\"><span class=\"icon-wrapper circle-yes\"><i class=\"fusion-li-icon awb-icon-check\" aria-hidden=\"true\"><\/i><\/span><div class=\"fusion-li-item-content\">\n<h4><strong>Samenwerking<\/strong><\/h4>\n<p>Wij zijn ervan overtuigd dat de grootste kracht van een onderneming ligt in het vermogen van haar leden om samen te werken, elkaar te helpen en te co\u00f6pereren.<br \/>\nSamenwerken is noodzakelijk om verder te komen, om onze respectieve acties te versterken en elkaar te ondersteunen.<br \/>\nWij vormen een solidair team dat zijn kennis en vaardigheden bundelt om zijn missies te vervullen en zijn visie op de sociale huisvestingsmaatschappij van morgen te ontwikkelen.<br \/>\nSamenwerking is essentieel en nodigt ons uit om te streven naar de integratie en participatie van iedereen in onze acties en besluitvorming om het algehele succes van de missies van Le Logis-Flor\u00e9al na te streven.<\/p>\n<\/div><\/li><li class=\"fusion-li-item\" style=\"\"><span class=\"icon-wrapper circle-yes\"><i class=\"fusion-li-icon awb-icon-check\" aria-hidden=\"true\"><\/i><\/span><div class=\"fusion-li-item-content\">\n<h4>Welwillendheid<\/h4>\n<p>De mens staat centraal in onze acties en zorgen.<br \/>\nBinnen onze co\u00f6peratie is elk individu belangrijk en wij zorgen ervoor dat hij\/zij met welwillendheid wordt behandeld en handelt.<br \/>\nWelwillendheid nodigt ons uit om te luisteren, de ander te begrijpen en assertief te communiceren. Zo dragen wij bij aan de ontwikkeling van harmonieuze relaties en cre\u00ebren wij een vertrouwensklimaat dat bevorderlijk is voor de ontwikkeling en versterking van het handelingsvermogen en welzijn van iedereen.<\/p>\n<\/div><\/li><li class=\"fusion-li-item\" style=\"\"><span class=\"icon-wrapper circle-yes\"><i class=\"fusion-li-icon awb-icon-check\" aria-hidden=\"true\"><\/i><\/span><div class=\"fusion-li-item-content\">\n<h4>Engagement<\/h4>\n<p>Door onze missies dragen wij bij aan het algemeen belang van de maatschappij. Onze verantwoordelijkheid is maatschappelijk en bestrijkt verschillende assen: menselijk, sociaal en milieukundig.<br \/>\nDeze missies zijn essentieel en vereisen dat iedereen er op professionele wijze aan bijdraagt.<br \/>\nWij hebben allemaal vaardigheden en potentieel die het verdienen om te worden ingezet en die op duurzame en stabiele wijze bijdragen aan de voortdurende verbetering van de doelstellingen die wij ons hebben gesteld voor het welzijn van onze huurders. Wij streven ernaar om kwaliteitswerk te leveren tot tevredenheid van iedereen.<\/p>\n<\/div><\/li><li class=\"fusion-li-item\" style=\"\"><span class=\"icon-wrapper circle-yes\"><i class=\"fusion-li-icon awb-icon-check\" aria-hidden=\"true\"><\/i><\/span><div class=\"fusion-li-item-content\">\n<h4>Respect<\/h4>\n<p>Wij staan voor een inclusieve samenleving waarin de diversiteit van individuen een rijkdom en een kans is voor anderen, waar elk individu dezelfde rechten heeft en de nodige ondersteuning krijgt om deze te kunnen uitoefenen.<br \/>\nWij zijn ervan overtuigd dat een rechtvaardigere samenleving begint met respect voor onszelf, voor anderen en voor onze omgeving en wij doen er alles aan om daaraan bij te dragen.<br \/>\nWij respecteren onze huurders en collega\u2019s zoals wij zelf graag gerespecteerd worden.<\/p>\n<\/div><\/li><\/ul><div class=\"fusion-text fusion-text-3\"><p>Le Logis \u2013 Flor\u00e9al is leed van <a href=\"https:\/\/socialhousing.brussels\/fr\">Social Housing Brussels<\/a>, de beroepsfederatie van de 16 openbare vastgoedmaatschappijen die actief zijn in het Brussels Hoofdstedelijk Gewest. Social Housing Brussels (SHBxl vzw) is de nieuwe beroepsfederatie van de 16 openbare vastgoedmaatschappijen (OVM\u2019s) die actief zijn in het Brussels Hoofdstedelijk Gewest.<\/p>\n<\/div><\/div><\/div><div class=\"fusion-layout-column fusion_builder_column fusion-builder-column-1 fusion_builder_column_1_3 1_3 fusion-flex-column\" style=\"--awb-bg-size:cover;--awb-width-large:33.333333333333%;--awb-margin-top-large:0px;--awb-spacing-right-large:5.76%;--awb-margin-bottom-large:20px;--awb-spacing-left-large:5.76%;--awb-width-medium:33.333333333333%;--awb-order-medium:0;--awb-spacing-right-medium:5.76%;--awb-spacing-left-medium:5.76%;--awb-width-small:100%;--awb-order-small:0;--awb-spacing-right-small:1.92%;--awb-spacing-left-small:1.92%;\"><div class=\"fusion-column-wrapper fusion-column-has-shadow fusion-flex-justify-content-flex-start fusion-content-layout-column\"><div class=\"fusion-image-element \" style=\"--awb-aspect-ratio:9 \/ 16;--awb-object-position:22% 100%;--awb-caption-title-font-family:var(--h2_typography-font-family);--awb-caption-title-font-weight:var(--h2_typography-font-weight);--awb-caption-title-font-style:var(--h2_typography-font-style);--awb-caption-title-size:var(--h2_typography-font-size);--awb-caption-title-transform:var(--h2_typography-text-transform);--awb-caption-title-line-height:var(--h2_typography-line-height);--awb-caption-title-letter-spacing:var(--h2_typography-letter-spacing);\"><span class=\" fusion-imageframe imageframe-none imageframe-1 hover-type-none has-aspect-ratio\"><img decoding=\"async\" width=\"200\" height=\"300\" title=\"qui-sommes-nous\" src=\"https:\/\/www.lelogisfloreal.be\/wp-content\/uploads\/2022\/10\/c6edba21-0cbc-498c-98fc-48286d25c220-200x300.jpg\" class=\"img-responsive wp-image-5277 img-with-aspect-ratio\" data-parent-fit=\"cover\" data-parent-container=\".fusion-image-element\" alt srcset=\"https:\/\/www.lelogisfloreal.be\/wp-content\/uploads\/2022\/10\/c6edba21-0cbc-498c-98fc-48286d25c220-200x300.jpg 200w, https:\/\/www.lelogisfloreal.be\/wp-content\/uploads\/2022\/10\/c6edba21-0cbc-498c-98fc-48286d25c220-400x600.jpg 400w, https:\/\/www.lelogisfloreal.be\/wp-content\/uploads\/2022\/10\/c6edba21-0cbc-498c-98fc-48286d25c220-600x900.jpg 600w, https:\/\/www.lelogisfloreal.be\/wp-content\/uploads\/2022\/10\/c6edba21-0cbc-498c-98fc-48286d25c220.jpg 800w\" sizes=\"(max-width: 640px) 100vw, 400px\" \/><\/span><\/div><\/div><\/div><\/div><\/div><div class=\"fusion-fullwidth fullwidth-box fusion-builder-row-2 fusion-flex-container nonhundred-percent-fullwidth non-hundred-percent-height-scrolling\" style=\"--awb-border-radius-top-left:0px;--awb-border-radius-top-right:0px;--awb-border-radius-bottom-right:0px;--awb-border-radius-bottom-left:0px;--awb-background-color:var(--awb-color1);--awb-flex-wrap:wrap;\" ><div class=\"fusion-builder-row fusion-row fusion-flex-align-items-flex-start fusion-flex-content-wrap\" style=\"max-width:1310.4px;margin-left: calc(-4% \/ 2 );margin-right: calc(-4% \/ 2 );\"><div class=\"fusion-layout-column fusion_builder_column fusion-builder-column-2 fusion_builder_column_1_1 1_1 fusion-flex-column\" style=\"--awb-bg-size:cover;--awb-width-large:100%;--awb-margin-top-large:0px;--awb-spacing-right-large:1.92%;--awb-margin-bottom-large:20px;--awb-spacing-left-large:1.92%;--awb-width-medium:100%;--awb-order-medium:0;--awb-spacing-right-medium:1.92%;--awb-spacing-left-medium:1.92%;--awb-width-small:100%;--awb-order-small:0;--awb-spacing-right-small:1.92%;--awb-spacing-left-small:1.92%;\"><div class=\"fusion-column-wrapper fusion-column-has-shadow fusion-flex-justify-content-flex-start fusion-content-layout-column\"><div class=\"fusion-title title fusion-title-4 fusion-sep-none fusion-title-text fusion-title-size-two\"><h2 class=\"fusion-title-heading title-heading-left fusion-responsive-typography-calculated\" style=\"margin:0;--fontSize:30;line-height:1.2;\">Beheersorganen<\/h2><\/div><div class=\"fusion-title title fusion-title-5 fusion-sep-none fusion-title-text fusion-title-size-three\" style=\"--awb-margin-top:50px;--awb-margin-bottom:0px;\"><h3 class=\"fusion-title-heading title-heading-left fusion-responsive-typography-calculated\" style=\"margin:0;--fontSize:24;line-height:1.3;\">Raad van Bestuur<\/h3><\/div><\/div><\/div><div class=\"fusion-layout-column fusion_builder_column fusion-builder-column-3 fusion_builder_column_1_2 1_2 fusion-flex-column\" style=\"--awb-bg-size:cover;--awb-width-large:50%;--awb-margin-top-large:0px;--awb-spacing-right-large:3.84%;--awb-margin-bottom-large:0px;--awb-spacing-left-large:3.84%;--awb-width-medium:50%;--awb-order-medium:0;--awb-spacing-right-medium:3.84%;--awb-spacing-left-medium:3.84%;--awb-width-small:100%;--awb-order-small:0;--awb-spacing-right-small:1.92%;--awb-spacing-left-small:1.92%;\"><div class=\"fusion-column-wrapper fusion-column-has-shadow fusion-flex-justify-content-flex-start fusion-content-layout-column\"><div class=\"fusion-text fusion-text-4\"><ul>\n<li><b>Ana DE BOE<\/b>, Voorzitster<\/li>\n<li><b>Danielle DURAND<\/b>, Ondervoorzitster<\/li>\n<li><strong>Pele BASHI<\/strong>, Bestuurder<\/li>\n<li><b>Abdelkader FADLI<\/b>, Bestuurder<\/li>\n<li><b>Michel KLIMIS<\/b>, Bestuurder<\/li>\n<li><b>Annick PRICE<\/b>, Bestuurder<\/li>\n<li><b>Eric VANDENBOSCH<\/b>, Bestuurder<\/li>\n<\/ul>\n<\/div><\/div><\/div><div class=\"fusion-layout-column fusion_builder_column fusion-builder-column-4 fusion_builder_column_1_2 1_2 fusion-flex-column\" style=\"--awb-bg-size:cover;--awb-width-large:50%;--awb-margin-top-large:0px;--awb-spacing-right-large:3.84%;--awb-margin-bottom-large:0px;--awb-spacing-left-large:3.84%;--awb-width-medium:50%;--awb-order-medium:0;--awb-spacing-right-medium:3.84%;--awb-spacing-left-medium:3.84%;--awb-width-small:100%;--awb-order-small:0;--awb-spacing-right-small:1.92%;--awb-spacing-left-small:1.92%;\"><div class=\"fusion-column-wrapper fusion-column-has-shadow fusion-flex-justify-content-flex-start fusion-content-layout-column\"><div class=\"fusion-text fusion-text-5\"><p>Uitgenodigde leden:<\/p>\n<ul>\n<li><b>Reda ELAJMI<\/b>, Afgevaardigde &#8211; sociaal<\/li>\n<li><b>Daphn\u00e9 GODFIRNON<\/b>, Algemeen-Directrice<\/li>\n<li><b>Ingrid PLANCQUEEL<\/b>, Secretaris en Adjunct-Algemeen-Directrice<\/li>\n<\/ul>\n<\/div><\/div><\/div><div class=\"fusion-layout-column fusion_builder_column fusion-builder-column-5 fusion_builder_column_1_1 1_1 fusion-flex-column\" style=\"--awb-bg-size:cover;--awb-width-large:100%;--awb-margin-top-large:0px;--awb-spacing-right-large:1.92%;--awb-margin-bottom-large:0px;--awb-spacing-left-large:1.92%;--awb-width-medium:100%;--awb-order-medium:0;--awb-spacing-right-medium:1.92%;--awb-spacing-left-medium:1.92%;--awb-width-small:100%;--awb-order-small:0;--awb-spacing-right-small:1.92%;--awb-spacing-left-small:1.92%;\"><div class=\"fusion-column-wrapper fusion-column-has-shadow fusion-flex-justify-content-flex-start fusion-content-layout-column\"><div class=\"fusion-text fusion-text-6\"><p>Verslagen met betrekking tot de transparantie van de beloning van bestuurders, jaarverslag, boekjaar 2024 : \u00a0<a href=\"https:\/\/www.lelogisfloreal.be\/wp-content\/uploads\/2026\/02\/1.1-transparence-des-remunreations-rapport-annuel-2024.pdf\">Le Logis \u2013 Flor\u00e9al<\/a> (PDF)<\/p>\n<\/div><\/div><\/div><div class=\"fusion-layout-column fusion_builder_column fusion-builder-column-6 fusion_builder_column_1_1 1_1 fusion-flex-column\" style=\"--awb-bg-size:cover;--awb-width-large:100%;--awb-margin-top-large:0px;--awb-spacing-right-large:1.92%;--awb-margin-bottom-large:20px;--awb-spacing-left-large:1.92%;--awb-width-medium:100%;--awb-order-medium:0;--awb-spacing-right-medium:1.92%;--awb-spacing-left-medium:1.92%;--awb-width-small:100%;--awb-order-small:0;--awb-spacing-right-small:1.92%;--awb-spacing-left-small:1.92%;\"><div class=\"fusion-column-wrapper fusion-column-has-shadow fusion-flex-justify-content-flex-start fusion-content-layout-column\"><div class=\"fusion-title title fusion-title-6 fusion-sep-none fusion-title-text fusion-title-size-three\"><h3 class=\"fusion-title-heading title-heading-left fusion-responsive-typography-calculated\" style=\"margin:0;--fontSize:24;line-height:1.3;\">Directie<\/h3><\/div><div class=\"fusion-text fusion-text-7\"><ul>\n<li><b>Daphn\u00e9 GODFIRNON<\/b>, Algemeen Directrice<\/li>\n<li><b>Ingrid PLANCQUEEL<\/b>, Adjunct Algemeen Directrice<\/li>\n<li><b>Magali CARLIER<\/b>, Directrice van de dienst Personeel en Organisatie<\/li>\n<li><strong>Jean-Christophe LECLERCQ<\/strong>, Directeur van de dienst Onderhoud van het Patrimonium<\/li>\n<li><strong>Laurent HACHOUCHE<\/strong>, Directeur van de dienst\u00a0 Ontwikkeling van het Patrimonium<\/li>\n<li><strong>No\u00e9mie PICAVET<\/strong>, Directrice van de dienst Verhuur en Sociale Begeleiding<\/li>\n<li><b>Ang\u00e9lique RUTAYISIERE \u2013 PIERLOT<\/b>, Directrice van de dienst Boekhouding<\/li>\n<\/ul>\n<\/div><\/div><\/div><div class=\"fusion-layout-column fusion_builder_column fusion-builder-column-7 fusion_builder_column_1_1 1_1 fusion-flex-column\" style=\"--awb-bg-size:cover;--awb-width-large:100%;--awb-margin-top-large:0px;--awb-spacing-right-large:1.92%;--awb-margin-bottom-large:20px;--awb-spacing-left-large:1.92%;--awb-width-medium:100%;--awb-order-medium:0;--awb-spacing-right-medium:1.92%;--awb-spacing-left-medium:1.92%;--awb-width-small:100%;--awb-order-small:0;--awb-spacing-right-small:1.92%;--awb-spacing-left-small:1.92%;\"><div class=\"fusion-column-wrapper fusion-column-has-shadow fusion-flex-justify-content-flex-start fusion-content-layout-column\"><div class=\"fusion-title title fusion-title-7 fusion-sep-none fusion-title-text fusion-title-size-three\"><h3 class=\"fusion-title-heading title-heading-left fusion-responsive-typography-calculated\" style=\"margin:0;--fontSize:24;line-height:1.3;\">Algemene Vergadering<\/h3><\/div><div class=\"fusion-text fusion-text-8\"><p><img decoding=\"async\" class=\"size-medium wp-image-4044 alignleft\" src=\"https:\/\/www.lelogisfloreal.be\/wp-content\/uploads\/2022\/10\/assembleegenerale_2019-300x200.jpeg\" alt=\"Algemene Vergadering Logis-Flor\u00e9al\" width=\"300\" height=\"200\" srcset=\"https:\/\/www.lelogisfloreal.be\/wp-content\/uploads\/2022\/10\/assembleegenerale_2019-200x133.jpeg 200w, https:\/\/www.lelogisfloreal.be\/wp-content\/uploads\/2022\/10\/assembleegenerale_2019-300x200.jpeg 300w, https:\/\/www.lelogisfloreal.be\/wp-content\/uploads\/2022\/10\/assembleegenerale_2019-400x267.jpeg 400w, https:\/\/www.lelogisfloreal.be\/wp-content\/uploads\/2022\/10\/assembleegenerale_2019-600x400.jpeg 600w, https:\/\/www.lelogisfloreal.be\/wp-content\/uploads\/2022\/10\/assembleegenerale_2019-768x512.jpeg 768w, https:\/\/www.lelogisfloreal.be\/wp-content\/uploads\/2022\/10\/assembleegenerale_2019-800x533.jpeg 800w, https:\/\/www.lelogisfloreal.be\/wp-content\/uploads\/2022\/10\/assembleegenerale_2019-1024x683.jpeg 1024w, https:\/\/www.lelogisfloreal.be\/wp-content\/uploads\/2022\/10\/assembleegenerale_2019-1200x800.jpeg 1200w, https:\/\/www.lelogisfloreal.be\/wp-content\/uploads\/2022\/10\/assembleegenerale_2019-1320x880.jpeg 1320w, https:\/\/www.lelogisfloreal.be\/wp-content\/uploads\/2022\/10\/assembleegenerale_2019-1536x1024.jpeg 1536w\" sizes=\"(max-width: 300px) 100vw, 300px\" \/>De Algemene Vergadering bestaat uit alle vennoten.<br \/>\nDe gewone Algemene Vergadering vindt elk jaar plaats, op de laatste zaterdag van de maand mei.<br \/>\nHet laat de vennoten in het bijzonder toe om het verslag over de zaken van de maatschappij te horen, uitspraak te doen over de jaarrekening en kwijting te geven aan de bestuurders.<\/p>\n<ul>\n<li><a href=\"https:\/\/www.lelogisfloreal.be\/wp-content\/uploads\/2025\/05\/Activiteitenrapport-2024_LLF.pdf\">Activiteitenrapport &#8211; Dienstjaar 2024 &#8211; A.V. 14 juni 2025<\/a>;<\/li>\n<li><a href=\"https:\/\/www.lelogisfloreal.be\/wp-content\/uploads\/2025\/05\/Beheersverslag-van-de-Raad-van-Bestuur_LLF.pdf\">Beheersverslag van de Raad van Bestuur &#8211; Dienstjaar 2024 &#8211; A.V. 14 juni 2025<\/a><\/li>\n<li><a href=\"https:\/\/www.lelogisfloreal.be\/wp-content\/uploads\/2025\/05\/Verslag-van-de-commissaris-\u2013-revisor-Boekjaar-2024.pdf\">Verslag van de Commissaris \u2013 revisor<\/a>;<\/li>\n<li><a href=\"https:\/\/www.lelogisfloreal.be\/wp-content\/uploads\/2025\/05\/Ontwerpen-van-balans-en-winst-en-verliesrekening-LE-LOGIS-FLOREAL-2024.pdf\">Balans en winst- en verliesrekening van de vennootschap LE LOGIS-FLOREAL SC met betrekking tot het dienstjaar \u00ad\u00ad2024<\/a>.<\/li>\n<\/ul>\n<p><a href=\"https:\/\/www.lelogisfloreal.be\/wp-content\/uploads\/2026\/04\/Statuten_Le-Logis-Floreal-.pdf\">Statuten van Le Logis &#8211; Flor\u00e9al (aangenomen door de Algemene Vergadering van 03 juni 2023)<\/a><\/p>\n<\/div><\/div><\/div><\/div><\/div><\/p>\n","protected":false},"excerpt":{"rendered":"","protected":false},"author":1,"featured_media":4915,"parent":0,"menu_order":0,"comment_status":"closed","ping_status":"closed","template":"100-width.php","meta":{"_acf_changed":false,"footnotes":""},"class_list":["post-5611","page","type-page","status-publish","has-post-thumbnail","hentry"],"acf":[],"_links":{"self":[{"href":"https:\/\/www.lelogisfloreal.be\/nl\/wp-json\/wp\/v2\/pages\/5611","targetHints":{"allow":["GET"]}}],"collection":[{"href":"https:\/\/www.lelogisfloreal.be\/nl\/wp-json\/wp\/v2\/pages"}],"about":[{"href":"https:\/\/www.lelogisfloreal.be\/nl\/wp-json\/wp\/v2\/types\/page"}],"author":[{"embeddable":true,"href":"https:\/\/www.lelogisfloreal.be\/nl\/wp-json\/wp\/v2\/users\/1"}],"replies":[{"embeddable":true,"href":"https:\/\/www.lelogisfloreal.be\/nl\/wp-json\/wp\/v2\/comments?post=5611"}],"version-history":[{"count":10,"href":"https:\/\/www.lelogisfloreal.be\/nl\/wp-json\/wp\/v2\/pages\/5611\/revisions"}],"predecessor-version":[{"id":9159,"href":"https:\/\/www.lelogisfloreal.be\/nl\/wp-json\/wp\/v2\/pages\/5611\/revisions\/9159"}],"wp:featuredmedia":[{"embeddable":true,"href":"https:\/\/www.lelogisfloreal.be\/nl\/wp-json\/wp\/v2\/media\/4915"}],"wp:attachment":[{"href":"https:\/\/www.lelogisfloreal.be\/nl\/wp-json\/wp\/v2\/media?parent=5611"}],"curies":[{"name":"wp","href":"https:\/\/api.w.org\/{rel}","templated":true}]}}